{"id":1129,"date":"2023-01-27T08:41:30","date_gmt":"2023-01-27T08:41:30","guid":{"rendered":"https:\/\/nvvs.eu\/internal-regulations\/"},"modified":"2023-03-06T13:36:26","modified_gmt":"2023-03-06T13:36:26","slug":"internal-regulations","status":"publish","type":"page","link":"https:\/\/nvvs.eu\/en\/internal-regulations\/","title":{"rendered":"Internal regulations"},"content":{"rendered":"\t\t<div data-elementor-type=\"wp-page\" data-elementor-id=\"1129\" class=\"elementor elementor-1129 elementor-631\" data-elementor-post-type=\"page\">\n\t\t\t\t\t\t<section class=\"elementor-section elementor-top-section elementor-element elementor-element-206866d elementor-section-boxed elementor-section-height-default elementor-section-height-default\" data-id=\"206866d\" data-element_type=\"section\" data-e-type=\"section\" data-settings=\"{&quot;background_background&quot;:&quot;classic&quot;}\">\n\t\t\t\t\t\t<div class=\"elementor-container elementor-column-gap-default\">\n\t\t\t\t\t<div class=\"elementor-column elementor-col-100 elementor-top-column elementor-element elementor-element-94e08b6\" data-id=\"94e08b6\" data-element_type=\"column\" data-e-type=\"column\">\n\t\t\t<div class=\"elementor-widget-wrap elementor-element-populated\">\n\t\t\t\t\t\t<div class=\"elementor-element elementor-element-f6128a8 elementor-widget elementor-widget-heading\" data-id=\"f6128a8\" data-element_type=\"widget\" data-e-type=\"widget\" data-widget_type=\"heading.default\">\n\t\t\t\t<div class=\"elementor-widget-container\">\n\t\t\t\t\t<h2 class=\"elementor-heading-title elementor-size-default\">Internal regulations<\/h2>\t\t\t\t<\/div>\n\t\t\t\t<\/div>\n\t\t\t\t\t<\/div>\n\t\t<\/div>\n\t\t\t\t\t<\/div>\n\t\t<\/section>\n\t\t<div class=\"elementor-element elementor-element-af14df9 e-flex e-con-boxed e-con e-parent\" data-id=\"af14df9\" data-element_type=\"container\" data-e-type=\"container\">\n\t\t\t\t\t<div class=\"e-con-inner\">\n\t\t\t\t<div class=\"elementor-element elementor-element-a5fb737 elementor-widget elementor-widget-text-editor\" data-id=\"a5fb737\" data-element_type=\"widget\" data-e-type=\"widget\" data-widget_type=\"text-editor.default\">\n\t\t\t\t<div class=\"elementor-widget-container\">\n\t\t\t\t\t\t\t\t\t<p><strong>Artikel 1<\/strong><br \/>Het boekjaar van de vereniging valt samen met het kalenderjaar.<\/p>\n<p><strong>AANVRAAG LIDMAATSCHAP<\/strong><br \/><strong>Artikel 2<\/strong><\/p>\n<ul>\n<li>Ondernemingen die in aanmerking willen komen voor het lidmaatschap volgens artikel 4, lid 2 van de statuten moeten twee jaar actief operationeel zijn en als zodanig ingeschreven staan bij de Kamer van Koophandel.<\/li>\n<li>De onderneming moet een relatie hebben met de scheeps- bevoorradingsindustrie.<\/li>\n<li>Via de website kan een aanmeldingsformulier voor lidmaatschap worden ingevuld. Zodra het ingevulde aanmeldingsformulier is terug ontvangen, treedt de procedure van artikel 4, lid 4 van de statuten in werking. Het ingevulde aanmeldingsformulier dient vergezeld te gaan van een uittreksel van het Handelsregister bij de Kamer van Koophandel dat niet ouder dan \u00e9\u00e9n jaar is. De aanvraag dient schriftelijk of per e-mail te worden ondersteund door drie ingeschreven leden.<\/li>\n<li>Voordat het lidmaatschap wordt bevestigd kan, indien wenselijk, de betreffende onderneming bezocht worden door de Ballotage Commissie.<\/li>\n<li>De aanvraag voor het lidmaatschap wordt beoordeeld, conform artikel 4, lid 4, van de statuten. Voorbeelden van criteria die het bestuur bij haar beslissing laat meewegen zijn : het al dan niet in bezit zijn van een AEO certificering en\/of HACCP en\/of ISO, de reputatie van het bedrijf bij overheidsdiensten of in de branche. Het beleid is erop gericht om een instroom van nieuwe leden met een goede en geborgde kwaliteit van dienstverlening te waarborgen.<\/li>\n<li>Na bijschrijving van de contributie van het lopende verenigingsjaar wordt het lidmaatschap officieel en als zodanig in de administratie opgenomen.<\/li>\n<li>Bij naamswijziging van een lid wordt het secretariaat terstond in kennis gesteld middels het toezenden van een nieuw uittreksel van het Handelsregister van de Kamer van Koophandel.<\/li>\n<\/ul>\n<p><strong>Artikel 3<\/strong><br \/>In artikel 6, lid 1 van de statuten wordt onder meer verstaan:<\/p>\n<ul>\n<li>onder verplichtingen jegens de vereniging:<\/li>\n<li>het tijdig betalen van contributie en van andere financi\u00eble verplichtingen;<\/li>\n<li>de belangen van de vereniging niet schaden:<\/li>\n<li>het afbreuk doen in de meest uitgebreide betekenis van het woord aan de werkzaamheden en\/of het aanzien van de vereniging.<\/li>\n<\/ul>\n<p><strong>Artikel 4<\/strong><\/p>\n<ul>\n<li>Naar gelang het aantal werknemers in hun onderneming worden de leden in categorie\u00ebn ingedeeld voor de berekening van contributie.<\/li>\n<li>De bepalende aantallen en indeling worden door de algemene ledenvergadering vastgesteld. Indeling vindt plaats op basis van de drie categorie\u00ebn zoals vermeld in artikel 4 van de statuten.<\/li>\n<li>In alle categorie\u00ebn heeft \u00e9\u00e9n lid \u00e9\u00e9n stem.<\/li>\n<li>De hoogte van de contributie worden door de algemene ledenvergadering vastgesteld.<\/li>\n<\/ul>\n<p><strong>VOORSTELLEN AAN HET BESTUUR<\/strong><br \/><strong>Artikel 5<\/strong><br \/>Leden kunnen te allen tijde voorstellen indienen bij de secretaris die hiervan kennis geeft aan het bestuur. Voorstellen ter behandeling in de algemene ledenvergadering dienen uiterlijk drie weken voor de datum van de algemene ledenvergadering schriftelijk of per e-mail te worden ingediend bij de secretaris.<\/p>\n<p><strong>VERGADERINGEN<\/strong><br \/><strong>Artikel 6<\/strong><br \/>Tot het bijwonen van de jaarlijkse algemene ledenvergadering en bijzondere algemene ledenvergaderingen worden alle leden uitgenodigd met uitzondering van geschorste leden. Vertegenwoordigers van leden kunnen deelnemen aan de discussies.<\/p>\n<p><strong>BESTUUR<\/strong><br \/><strong>Artikel 7<\/strong><br \/>Het rooster van aftreden van leden van het bestuur wordt zodanig vastgesteld, dat degene die een periode van drie jaren als bestuurslid heeft gefunctioneerd, herkiesbaar kan worden gesteld. Indien een bestuurslid zich niet meer herkiesbaar stelt, moet een nieuw bestuurslid worden gekozen. De voorzitter en de vicevoorzitter treden volgens dit rooster niet tegelijkertijd af, tenzij beiden daartoe de uitdrukkelijke wens te kennen geven.<\/p>\n<p><strong>Artikel 8<\/strong><br \/>Voor de Bestuursverkiezing stelt het Bestuur tijdig kandidaten voor. Tevens kunnen kandidaten worden voorgedragen door tenminste vijf leden gezamenlijk, in overeenstemming met artikel 8, lid 3 van de statuten. Deze kandidaten moeten uiterlijk drie weken voor de algemene ledenvergadering schriftelijk worden voorgedragen bij de secretaris. De voorstellers vergewissen zich er van dat de voorgedragen kandidaten bij eventuele verkiezing bereid zijn de benoeming te aanvaarden.<\/p>\n<p><strong>CORRESPONDENTIE<\/strong><br \/><strong>Artikel 9<\/strong><br \/>Correspondentie namens de vereniging kan, behoudens de Voorzitter, alleen worden gevoerd door of in overleg met de secretaris.<\/p>\n<p><strong>KASCOMMISSIE<\/strong><br \/><strong>Artikel 10<\/strong><br \/>De in artikel 12, lid 3 der statuten genoemde kascommissie bestaat uit twee vertegenwoordigers van leden. Jaarlijks treedt de voorzitter van de kascommissie af en wordt achterblijvende lid van de kascommissie voorzitter. Vervolgens wordt een nieuw lid van de commissie gekozen uit de Algemene Vergadering.<\/p>\n<p><strong>CONTACTBIJEENKOMSTEN<\/strong><br \/><strong>Artikel 11<\/strong><br \/>Naast de algemene ledenvergadering en de bijzondere algemene ledenvergaderingen (artikel 12 en 13 van de statuten) kunnen enige malen per jaar contactbijeenkomsten worden gehouden met vertegenwoordigers van leden. Tijdens deze contactbijeenkomsten kunnen geen bindende besluiten worden genomen.<\/p>\n<p><strong>Artikel 12<\/strong><br \/>Bindende besluiten volgens artikel 15 van de statuten kunnen betrekking hebben op:<\/p>\n<ul>\n<li>de hoogte van de contributies, entreegelden en andere financi\u00eble verplichtingen van leden van de vereniging;<\/li>\n<li>disciplinaire maatregelen;<\/li>\n<li>aanvaarding van leden en benoeming van ereleden;<\/li>\n<li>andere besluiten van een ledenvergadering, die de leden van de vereniging verplichtingen opleggen, voor zover deze vallen binnen de doelstellingen en de middelen volgens artikel 3 van de statuten.\n<\/li>\n<\/ul>\n<p><strong>Artikel 13<\/strong><br \/>Opname in het jaarlijks uitkomende register van de International Ship Suppliers and Services Association (I.S.S.A.) is voorbehouden aan leden die aangemerkt worden als scheepsleverancier. Voor Toeleveranciers bestaat uitsluitend de mogelijkheid om achterin het register onder de noemer \u201cOther Suppliers\u201d enkel met naam en lidmaatschapsnummer te worden vermeld.De NVVS belast de kosten die ISSA hiervoor berekent door aan het lid wat daar gebruik van wenst te maken.<\/p>\n\t\t\t\t\t\t\t\t<\/div>\n\t\t\t\t<\/div>\n\t\t\t\t\t<\/div>\n\t\t\t\t<\/div>\n\t\t\t\t<\/div>\n\t\t","protected":false},"excerpt":{"rendered":"<p>Internal regulations Artikel 1Het boekjaar van de vereniging valt samen met het kalenderjaar. AANVRAAG LIDMAATSCHAPArtikel 2 Ondernemingen die in aanmerking willen komen voor het lidmaatschap volgens artikel 4, lid 2 van de statuten moeten twee jaar actief operationeel zijn en als zodanig ingeschreven staan bij de Kamer van Koophandel. De onderneming moet een relatie hebben [&hellip;]<\/p>\n","protected":false},"author":1,"featured_media":0,"parent":0,"menu_order":0,"comment_status":"closed","ping_status":"closed","template":"","meta":{"inline_featured_image":false,"footnotes":""},"class_list":["post-1129","page","type-page","status-publish","hentry"],"yoast_head":"<!-- This site is optimized with the Yoast SEO plugin v27.3 - https:\/\/yoast.com\/product\/yoast-seo-wordpress\/ -->\n<title>Internal regulations - NVVS<\/title>\n<meta name=\"robots\" content=\"index, follow, max-snippet:-1, max-image-preview:large, max-video-preview:-1\" \/>\n<link rel=\"canonical\" href=\"https:\/\/nvvs.eu\/en\/internal-regulations\/\" \/>\n<meta property=\"og:locale\" content=\"en_US\" \/>\n<meta property=\"og:type\" content=\"article\" \/>\n<meta property=\"og:title\" content=\"Internal regulations - NVVS\" \/>\n<meta property=\"og:description\" content=\"Internal regulations Artikel 1Het boekjaar van de vereniging valt samen met het kalenderjaar. AANVRAAG LIDMAATSCHAPArtikel 2 Ondernemingen die in aanmerking willen komen voor het lidmaatschap volgens artikel 4, lid 2 van de statuten moeten twee jaar actief operationeel zijn en als zodanig ingeschreven staan bij de Kamer van Koophandel. De onderneming moet een relatie hebben [&hellip;]\" \/>\n<meta property=\"og:url\" content=\"https:\/\/nvvs.eu\/en\/internal-regulations\/\" \/>\n<meta property=\"og:site_name\" content=\"NVVS\" \/>\n<meta property=\"article:modified_time\" content=\"2023-03-06T13:36:26+00:00\" \/>\n<meta name=\"twitter:card\" content=\"summary_large_image\" \/>\n<meta name=\"twitter:label1\" content=\"Est. reading time\" \/>\n\t<meta name=\"twitter:data1\" content=\"4 minutes\" \/>\n<script type=\"application\/ld+json\" class=\"yoast-schema-graph\">{\"@context\":\"https:\\\/\\\/schema.org\",\"@graph\":[{\"@type\":\"WebPage\",\"@id\":\"https:\\\/\\\/nvvs.eu\\\/en\\\/internal-regulations\\\/\",\"url\":\"https:\\\/\\\/nvvs.eu\\\/en\\\/internal-regulations\\\/\",\"name\":\"Internal regulations - NVVS\",\"isPartOf\":{\"@id\":\"https:\\\/\\\/nvvs.eu\\\/en\\\/#website\"},\"datePublished\":\"2023-01-27T08:41:30+00:00\",\"dateModified\":\"2023-03-06T13:36:26+00:00\",\"breadcrumb\":{\"@id\":\"https:\\\/\\\/nvvs.eu\\\/en\\\/internal-regulations\\\/#breadcrumb\"},\"inLanguage\":\"en-US\",\"potentialAction\":[{\"@type\":\"ReadAction\",\"target\":[\"https:\\\/\\\/nvvs.eu\\\/en\\\/internal-regulations\\\/\"]}]},{\"@type\":\"BreadcrumbList\",\"@id\":\"https:\\\/\\\/nvvs.eu\\\/en\\\/internal-regulations\\\/#breadcrumb\",\"itemListElement\":[{\"@type\":\"ListItem\",\"position\":1,\"name\":\"Home\",\"item\":\"https:\\\/\\\/nvvs.eu\\\/en\\\/home\\\/\"},{\"@type\":\"ListItem\",\"position\":2,\"name\":\"Internal regulations\"}]},{\"@type\":\"WebSite\",\"@id\":\"https:\\\/\\\/nvvs.eu\\\/en\\\/#website\",\"url\":\"https:\\\/\\\/nvvs.eu\\\/en\\\/\",\"name\":\"NVVS\",\"description\":\"Effici\u00ebnte bevoorrading en serviceverlening\",\"publisher\":{\"@id\":\"https:\\\/\\\/nvvs.eu\\\/en\\\/#organization\"},\"potentialAction\":[{\"@type\":\"SearchAction\",\"target\":{\"@type\":\"EntryPoint\",\"urlTemplate\":\"https:\\\/\\\/nvvs.eu\\\/en\\\/?s={search_term_string}\"},\"query-input\":{\"@type\":\"PropertyValueSpecification\",\"valueRequired\":true,\"valueName\":\"search_term_string\"}}],\"inLanguage\":\"en-US\"},{\"@type\":\"Organization\",\"@id\":\"https:\\\/\\\/nvvs.eu\\\/en\\\/#organization\",\"name\":\"NVVS\",\"url\":\"https:\\\/\\\/nvvs.eu\\\/en\\\/\",\"logo\":{\"@type\":\"ImageObject\",\"inLanguage\":\"en-US\",\"@id\":\"https:\\\/\\\/nvvs.eu\\\/en\\\/#\\\/schema\\\/logo\\\/image\\\/\",\"url\":\"https:\\\/\\\/nvvs.eu\\\/wp-content\\\/uploads\\\/2022\\\/12\\\/Logo-NVVS-2022.svg\",\"contentUrl\":\"https:\\\/\\\/nvvs.eu\\\/wp-content\\\/uploads\\\/2022\\\/12\\\/Logo-NVVS-2022.svg\",\"width\":224,\"height\":40,\"caption\":\"NVVS\"},\"image\":{\"@id\":\"https:\\\/\\\/nvvs.eu\\\/en\\\/#\\\/schema\\\/logo\\\/image\\\/\"}}]}<\/script>\n<!-- \/ Yoast SEO plugin. -->","yoast_head_json":{"title":"Internal regulations - NVVS","robots":{"index":"index","follow":"follow","max-snippet":"max-snippet:-1","max-image-preview":"max-image-preview:large","max-video-preview":"max-video-preview:-1"},"canonical":"https:\/\/nvvs.eu\/en\/internal-regulations\/","og_locale":"en_US","og_type":"article","og_title":"Internal regulations - NVVS","og_description":"Internal regulations Artikel 1Het boekjaar van de vereniging valt samen met het kalenderjaar. AANVRAAG LIDMAATSCHAPArtikel 2 Ondernemingen die in aanmerking willen komen voor het lidmaatschap volgens artikel 4, lid 2 van de statuten moeten twee jaar actief operationeel zijn en als zodanig ingeschreven staan bij de Kamer van Koophandel. De onderneming moet een relatie hebben [&hellip;]","og_url":"https:\/\/nvvs.eu\/en\/internal-regulations\/","og_site_name":"NVVS","article_modified_time":"2023-03-06T13:36:26+00:00","twitter_card":"summary_large_image","twitter_misc":{"Est. reading time":"4 minutes"},"schema":{"@context":"https:\/\/schema.org","@graph":[{"@type":"WebPage","@id":"https:\/\/nvvs.eu\/en\/internal-regulations\/","url":"https:\/\/nvvs.eu\/en\/internal-regulations\/","name":"Internal regulations - NVVS","isPartOf":{"@id":"https:\/\/nvvs.eu\/en\/#website"},"datePublished":"2023-01-27T08:41:30+00:00","dateModified":"2023-03-06T13:36:26+00:00","breadcrumb":{"@id":"https:\/\/nvvs.eu\/en\/internal-regulations\/#breadcrumb"},"inLanguage":"en-US","potentialAction":[{"@type":"ReadAction","target":["https:\/\/nvvs.eu\/en\/internal-regulations\/"]}]},{"@type":"BreadcrumbList","@id":"https:\/\/nvvs.eu\/en\/internal-regulations\/#breadcrumb","itemListElement":[{"@type":"ListItem","position":1,"name":"Home","item":"https:\/\/nvvs.eu\/en\/home\/"},{"@type":"ListItem","position":2,"name":"Internal regulations"}]},{"@type":"WebSite","@id":"https:\/\/nvvs.eu\/en\/#website","url":"https:\/\/nvvs.eu\/en\/","name":"NVVS","description":"Effici\u00ebnte bevoorrading en serviceverlening","publisher":{"@id":"https:\/\/nvvs.eu\/en\/#organization"},"potentialAction":[{"@type":"SearchAction","target":{"@type":"EntryPoint","urlTemplate":"https:\/\/nvvs.eu\/en\/?s={search_term_string}"},"query-input":{"@type":"PropertyValueSpecification","valueRequired":true,"valueName":"search_term_string"}}],"inLanguage":"en-US"},{"@type":"Organization","@id":"https:\/\/nvvs.eu\/en\/#organization","name":"NVVS","url":"https:\/\/nvvs.eu\/en\/","logo":{"@type":"ImageObject","inLanguage":"en-US","@id":"https:\/\/nvvs.eu\/en\/#\/schema\/logo\/image\/","url":"https:\/\/nvvs.eu\/wp-content\/uploads\/2022\/12\/Logo-NVVS-2022.svg","contentUrl":"https:\/\/nvvs.eu\/wp-content\/uploads\/2022\/12\/Logo-NVVS-2022.svg","width":224,"height":40,"caption":"NVVS"},"image":{"@id":"https:\/\/nvvs.eu\/en\/#\/schema\/logo\/image\/"}}]}},"_links":{"self":[{"href":"https:\/\/nvvs.eu\/en\/wp-json\/wp\/v2\/pages\/1129","targetHints":{"allow":["GET"]}}],"collection":[{"href":"https:\/\/nvvs.eu\/en\/wp-json\/wp\/v2\/pages"}],"about":[{"href":"https:\/\/nvvs.eu\/en\/wp-json\/wp\/v2\/types\/page"}],"author":[{"embeddable":true,"href":"https:\/\/nvvs.eu\/en\/wp-json\/wp\/v2\/users\/1"}],"replies":[{"embeddable":true,"href":"https:\/\/nvvs.eu\/en\/wp-json\/wp\/v2\/comments?post=1129"}],"version-history":[{"count":3,"href":"https:\/\/nvvs.eu\/en\/wp-json\/wp\/v2\/pages\/1129\/revisions"}],"predecessor-version":[{"id":1132,"href":"https:\/\/nvvs.eu\/en\/wp-json\/wp\/v2\/pages\/1129\/revisions\/1132"}],"wp:attachment":[{"href":"https:\/\/nvvs.eu\/en\/wp-json\/wp\/v2\/media?parent=1129"}],"curies":[{"name":"wp","href":"https:\/\/api.w.org\/{rel}","templated":true}]}}